{"id":3668,"date":"2022-03-01T15:42:58","date_gmt":"2022-03-01T15:42:58","guid":{"rendered":"http:\/\/neuewebsite.oppidom.de\/?page_id=3668"},"modified":"2024-12-05T11:27:17","modified_gmt":"2024-12-05T11:27:17","slug":"impressum-2","status":"publish","type":"page","link":"https:\/\/tepebau.de\/tr\/impressum-2\/","title":{"rendered":"Hukuki Uyar\u0131"},"content":{"rendered":"<div data-elementor-type=\"wp-page\" data-elementor-id=\"3668\" class=\"elementor elementor-3668\">\n\t\t\t\t\t\t<section class=\"elementor-section elementor-top-section elementor-element elementor-element-4d428941 elementor-section-content-middle elementor-section-boxed elementor-section-height-default elementor-section-height-default\" data-id=\"4d428941\" data-element_type=\"section\">\n\t\t\t\t\t\t<div class=\"elementor-container elementor-column-gap-no\">\n\t\t\t\t\t<div class=\"elementor-column elementor-col-100 elementor-top-column elementor-element elementor-element-56aa9e0\" data-id=\"56aa9e0\" data-element_type=\"column\">\n\t\t\t<div class=\"elementor-widget-wrap elementor-element-populated\">\n\t\t\t\t\t\t<div class=\"elementor-element elementor-element-8cc6063 elementor-widget elementor-widget-text-editor\" data-id=\"8cc6063\" data-element_type=\"widget\" data-widget_type=\"text-editor.default\">\n\t\t\t\t<div class=\"elementor-widget-container\">\n\t\t\t\t\t\t\t<strong>Ortaklar:<\/strong><br\/>\nG\u00fcrcan Mert<br\/><br\/>\n\n<b>\u015eube:<\/b><br\/>\nIndustriestra\u00dfe 180 <br\/>\n50999 K\u00f6ln<br\/>\nDeutschland<br\/><br\/>\n\n<strong>Genel merkez:\n<\/strong><br\/>\nTEPE DO\u011eAL TA\u015e \u0130N\u015e. SAN. VE T\u0130C. A.\u015e.<br\/>\nTantavi Mah. Estergon Cad.<br\/>\nExen \u0130stanbul Sitesi F Blok<br\/>\nNo: 24f \u0130\u00e7 Kap\u0131 No: 9<br\/>\n34764 \u00dcmraniye \/ \u0130stanbul<br\/><br\/>\n\n<b>E-Mail Adresi: <\/b><br\/>\ninfo@tepebau.de<br\/><br\/>\n\n<b>Telefon:<\/b><br\/>\n+49 221 88849430<br\/><br\/>\n\n<b>Katma De\u011fer Vergisi Kimlik Numaras\u0131(USt-IdNr.):<\/b><br\/>\nDE335771230<br\/><br\/>\n\n<b>Ticaret Sicili M\u00fcd\u00fcrl\u00fc\u011f\u00fc:<\/b><br\/>\n\u0130stanbul Ticaret sicil m\u00fcd\u00fcrl\u00fc\u011f\u00fc<br\/><br\/>\n\n<b>Sicil No:<\/b><br\/>\n59360-5<br\/>\n\t\t\t\t\t\t<\/div>\n\t\t\t\t<\/div>\n\t\t\t\t\t<\/div>\n\t\t<\/div>\n\t\t\t\t\t<\/div>\n\t\t<\/section>\n\t\t\t\t<\/div>","protected":false},"excerpt":{"rendered":"<p>Gesellschafter: G\u00fcrcan Mert Niederlassung: Industriestra\u00dfe 180 50999 K\u00f6ln Deutschland Hauptsitz: TEPE DO\u011eAL TA\u015e \u0130N\u015e. SAN. VE T\u0130C. A.\u015e. Tantavi Mah. Estergon Cad. Exen \u0130stanbul Sitesi F Blok No: 24f \u0130\u00e7 Kap\u0131 No: 9 34764 \u00dcmraniye \/ \u0130stanbul E-Mail-Adresse: info@tepebau.de Telefon: +49 221 88849430 Umsatzsteuer-Identifikationsnummer (USt-IdNr.): DE335771230 Handelsregister gef\u00fchrt bei: Handelregisteramt Istanbul Nummer: 59360-5<\/p>","protected":false},"author":1,"featured_media":0,"parent":0,"menu_order":0,"comment_status":"closed","ping_status":"closed","template":"template\/full-width-template.php","meta":{"footnotes":""},"class_list":["post-3668","page","type-page","status-publish","hentry"],"yoast_head":"<!-- This site is optimized with the Yoast SEO plugin v23.5 - https:\/\/yoast.com\/wordpress\/plugins\/seo\/ -->\n<title>Impressum - TEPE BAU<\/title>\n<meta name=\"robots\" content=\"index, follow, max-snippet:-1, max-image-preview:large, max-video-preview:-1\" \/>\n<link rel=\"canonical\" href=\"https:\/\/tepebau.de\/tr\/impressum-2\/\" \/>\n<meta property=\"og:locale\" content=\"tr_TR\" \/>\n<meta property=\"og:type\" content=\"article\" \/>\n<meta property=\"og:title\" content=\"Impressum - TEPE BAU\" \/>\n<meta property=\"og:description\" content=\"Gesellschafter: G\u00fcrcan Mert Niederlassung: Industriestra\u00dfe 180 50999 K\u00f6ln Deutschland Hauptsitz: TEPE DO\u011eAL TA\u015e \u0130N\u015e. SAN. VE T\u0130C. A.\u015e. Tantavi Mah. Estergon Cad. Exen \u0130stanbul Sitesi F Blok No: 24f \u0130\u00e7 Kap\u0131 No: 9 34764 \u00dcmraniye \/ \u0130stanbul E-Mail-Adresse: info@tepebau.de Telefon: +49 221 88849430 Umsatzsteuer-Identifikationsnummer (USt-IdNr.): DE335771230 Handelsregister gef\u00fchrt bei: Handelregisteramt Istanbul Nummer: 59360-5\" \/>\n<meta property=\"og:url\" content=\"https:\/\/tepebau.de\/tr\/impressum-2\/\" \/>\n<meta property=\"og:site_name\" content=\"TEPE BAU\" \/>\n<meta property=\"article:modified_time\" content=\"2024-12-05T11:27:17+00:00\" \/>\n<meta name=\"twitter:card\" content=\"summary_large_image\" \/>\n<script type=\"application\/ld+json\" class=\"yoast-schema-graph\">{\"@context\":\"https:\/\/schema.org\",\"@graph\":[{\"@type\":\"WebPage\",\"@id\":\"https:\/\/tepebau.de\/impressum-2\/\",\"url\":\"https:\/\/tepebau.de\/impressum-2\/\",\"name\":\"Impressum - TEPE BAU\",\"isPartOf\":{\"@id\":\"http:\/\/tepebau.de\/#website\"},\"datePublished\":\"2022-03-01T15:42:58+00:00\",\"dateModified\":\"2024-12-05T11:27:17+00:00\",\"breadcrumb\":{\"@id\":\"https:\/\/tepebau.de\/impressum-2\/#breadcrumb\"},\"inLanguage\":\"tr\",\"potentialAction\":[{\"@type\":\"ReadAction\",\"target\":[\"https:\/\/tepebau.de\/impressum-2\/\"]}]},{\"@type\":\"BreadcrumbList\",\"@id\":\"https:\/\/tepebau.de\/impressum-2\/#breadcrumb\",\"itemListElement\":[{\"@type\":\"ListItem\",\"position\":1,\"name\":\"Home\",\"item\":\"http:\/\/tepebau.de\/\"},{\"@type\":\"ListItem\",\"position\":2,\"name\":\"Impressum\"}]},{\"@type\":\"WebSite\",\"@id\":\"http:\/\/tepebau.de\/#website\",\"url\":\"http:\/\/tepebau.de\/\",\"name\":\"TEPE BAU\",\"description\":\"\",\"potentialAction\":[{\"@type\":\"SearchAction\",\"target\":{\"@type\":\"EntryPoint\",\"urlTemplate\":\"http:\/\/tepebau.de\/?s={search_term_string}\"},\"query-input\":{\"@type\":\"PropertyValueSpecification\",\"valueRequired\":true,\"valueName\":\"search_term_string\"}}],\"inLanguage\":\"tr\"}]}<\/script>\n<!-- \/ Yoast SEO plugin. -->","yoast_head_json":{"title":"Impressum - TEPE BAU","robots":{"index":"index","follow":"follow","max-snippet":"max-snippet:-1","max-image-preview":"max-image-preview:large","max-video-preview":"max-video-preview:-1"},"canonical":"https:\/\/tepebau.de\/tr\/impressum-2\/","og_locale":"tr_TR","og_type":"article","og_title":"Impressum - TEPE BAU","og_description":"Gesellschafter: G\u00fcrcan Mert Niederlassung: Industriestra\u00dfe 180 50999 K\u00f6ln Deutschland Hauptsitz: TEPE DO\u011eAL TA\u015e \u0130N\u015e. SAN. VE T\u0130C. A.\u015e. Tantavi Mah. Estergon Cad. Exen \u0130stanbul Sitesi F Blok No: 24f \u0130\u00e7 Kap\u0131 No: 9 34764 \u00dcmraniye \/ \u0130stanbul E-Mail-Adresse: info@tepebau.de Telefon: +49 221 88849430 Umsatzsteuer-Identifikationsnummer (USt-IdNr.): DE335771230 Handelsregister gef\u00fchrt bei: Handelregisteramt Istanbul Nummer: 59360-5","og_url":"https:\/\/tepebau.de\/tr\/impressum-2\/","og_site_name":"TEPE BAU","article_modified_time":"2024-12-05T11:27:17+00:00","twitter_card":"summary_large_image","schema":{"@context":"https:\/\/schema.org","@graph":[{"@type":"WebPage","@id":"https:\/\/tepebau.de\/impressum-2\/","url":"https:\/\/tepebau.de\/impressum-2\/","name":"Impressum - TEPE BAU","isPartOf":{"@id":"http:\/\/tepebau.de\/#website"},"datePublished":"2022-03-01T15:42:58+00:00","dateModified":"2024-12-05T11:27:17+00:00","breadcrumb":{"@id":"https:\/\/tepebau.de\/impressum-2\/#breadcrumb"},"inLanguage":"tr","potentialAction":[{"@type":"ReadAction","target":["https:\/\/tepebau.de\/impressum-2\/"]}]},{"@type":"BreadcrumbList","@id":"https:\/\/tepebau.de\/impressum-2\/#breadcrumb","itemListElement":[{"@type":"ListItem","position":1,"name":"Home","item":"http:\/\/tepebau.de\/"},{"@type":"ListItem","position":2,"name":"Impressum"}]},{"@type":"WebSite","@id":"http:\/\/tepebau.de\/#website","url":"http:\/\/tepebau.de\/","name":"TEPE BAU","description":"","potentialAction":[{"@type":"SearchAction","target":{"@type":"EntryPoint","urlTemplate":"http:\/\/tepebau.de\/?s={search_term_string}"},"query-input":{"@type":"PropertyValueSpecification","valueRequired":true,"valueName":"search_term_string"}}],"inLanguage":"tr"}]}},"_links":{"self":[{"href":"https:\/\/tepebau.de\/tr\/wp-json\/wp\/v2\/pages\/3668","targetHints":{"allow":["GET"]}}],"collection":[{"href":"https:\/\/tepebau.de\/tr\/wp-json\/wp\/v2\/pages"}],"about":[{"href":"https:\/\/tepebau.de\/tr\/wp-json\/wp\/v2\/types\/page"}],"author":[{"embeddable":true,"href":"https:\/\/tepebau.de\/tr\/wp-json\/wp\/v2\/users\/1"}],"replies":[{"embeddable":true,"href":"https:\/\/tepebau.de\/tr\/wp-json\/wp\/v2\/comments?post=3668"}],"version-history":[{"count":54,"href":"https:\/\/tepebau.de\/tr\/wp-json\/wp\/v2\/pages\/3668\/revisions"}],"predecessor-version":[{"id":8186,"href":"https:\/\/tepebau.de\/tr\/wp-json\/wp\/v2\/pages\/3668\/revisions\/8186"}],"wp:attachment":[{"href":"https:\/\/tepebau.de\/tr\/wp-json\/wp\/v2\/media?parent=3668"}],"curies":[{"name":"wp","href":"https:\/\/api.w.org\/{rel}","templated":true}]}}